{"id":979,"date":"2025-08-19T19:54:09","date_gmt":"2025-08-19T19:54:09","guid":{"rendered":"https:\/\/gr86.it\/coipiedescalsi\/?page_id=979"},"modified":"2025-08-19T19:54:09","modified_gmt":"2025-08-19T19:54:09","slug":"theatre-circulaire","status":"publish","type":"page","link":"https:\/\/gr86.it\/coipiedescalsi\/theatre-circulaire\/","title":{"rendered":"Th\u00e9\u00e2tre Circulaire"},"content":{"rendered":"<p><strong>Sotto una tenda<\/strong>, su un palco rotondo, <strong>Dr\u00fcck<\/strong> illumina il pubblico con le sue idee, <strong>Din<\/strong> \u00e8 pronto con la sua orchestra, e\u00a0 il povero <strong>Misette<\/strong> cerca di\u00a0 gestire il tutto, ma\u2026 Un\u2019ora in cui il susseguirsi incessante di problemi alimenta l\u2019azione con soluzioni improbabili.<\/p>\n<p>Din, Dr\u00fcck e Misette non parlano la stessa lingua, ma sono complici, uniti dalla stessa esperienza che sfida l\u2019immaginazione del pubblico.<\/p>\n","protected":false},"excerpt":{"rendered":"<p>Sotto una tenda, su un palco rotondo, Dr\u00fcck illumina il pubblico con le sue idee, Din \u00e8 pronto con la sua orchestra, e\u00a0 il povero Misette cerca di\u00a0 gestire il tutto, ma\u2026 Un\u2019ora in cui il susseguirsi incessante di problemi alimenta l\u2019azione con soluzioni improbabili. Din, Dr\u00fcck e Misette non parlano la stessa lingua, ma [&hellip;]<\/p>\n","protected":false},"author":2,"featured_media":996,"parent":0,"menu_order":0,"comment_status":"closed","ping_status":"closed","template":"templates\/6-theatre-circulaire.php","meta":[],"acf":[],"yoast_head":"<!-- This site is optimized with the Yoast SEO plugin v20.7 - https:\/\/yoast.com\/wordpress\/plugins\/seo\/ -->\n<title>Th\u00e9\u00e2tre Circulaire - Co I Pi\u00e8 Descalsi<\/title>\n<meta name=\"robots\" content=\"index, follow, max-snippet:-1, max-image-preview:large, max-video-preview:-1\" \/>\n<link rel=\"canonical\" href=\"https:\/\/gr86.it\/coipiedescalsi\/theatre-circulaire\/\" \/>\n<meta property=\"og:locale\" content=\"it_IT\" \/>\n<meta property=\"og:type\" content=\"article\" \/>\n<meta property=\"og:title\" content=\"Th\u00e9\u00e2tre Circulaire - Co I Pi\u00e8 Descalsi\" \/>\n<meta property=\"og:description\" content=\"Sotto una tenda, su un palco rotondo, Dr\u00fcck illumina il pubblico con le sue idee, Din \u00e8 pronto con la sua orchestra, e\u00a0 il povero Misette cerca di\u00a0 gestire il tutto, ma\u2026 Un\u2019ora in cui il susseguirsi incessante di problemi alimenta l\u2019azione con soluzioni improbabili. Din, Dr\u00fcck e Misette non parlano la stessa lingua, ma [&hellip;]\" \/>\n<meta property=\"og:url\" content=\"https:\/\/gr86.it\/coipiedescalsi\/theatre-circulaire\/\" \/>\n<meta property=\"og:site_name\" content=\"Co I Pi\u00e8 Descalsi\" \/>\n<meta property=\"article:publisher\" content=\"https:\/\/www.facebook.com\/FestaDestateVascon\/\" \/>\n<meta property=\"og:image\" content=\"https:\/\/gr86.it\/coipiedescalsi\/wp-content\/uploads\/sites\/3\/2025\/08\/theatre-circular-gallery-1.jpg\" \/>\n\t<meta property=\"og:image:width\" content=\"2126\" \/>\n\t<meta property=\"og:image:height\" content=\"1417\" \/>\n\t<meta property=\"og:image:type\" content=\"image\/jpeg\" \/>\n<meta name=\"twitter:card\" content=\"summary_large_image\" \/>\n<script type=\"application\/ld+json\" class=\"yoast-schema-graph\">{\"@context\":\"https:\/\/schema.org\",\"@graph\":[{\"@type\":\"WebPage\",\"@id\":\"https:\/\/gr86.it\/coipiedescalsi\/theatre-circulaire\/\",\"url\":\"https:\/\/gr86.it\/coipiedescalsi\/theatre-circulaire\/\",\"name\":\"Th\u00e9\u00e2tre Circulaire - Co I Pi\u00e8 Descalsi\",\"isPartOf\":{\"@id\":\"https:\/\/gr86.it\/coipiedescalsi\/#website\"},\"datePublished\":\"2025-08-19T19:54:09+00:00\",\"dateModified\":\"2025-08-19T19:54:09+00:00\",\"breadcrumb\":{\"@id\":\"https:\/\/gr86.it\/coipiedescalsi\/theatre-circulaire\/#breadcrumb\"},\"inLanguage\":\"it-IT\",\"potentialAction\":[{\"@type\":\"ReadAction\",\"target\":[\"https:\/\/gr86.it\/coipiedescalsi\/theatre-circulaire\/\"]}]},{\"@type\":\"BreadcrumbList\",\"@id\":\"https:\/\/gr86.it\/coipiedescalsi\/theatre-circulaire\/#breadcrumb\",\"itemListElement\":[{\"@type\":\"ListItem\",\"position\":1,\"name\":\"Home\",\"item\":\"https:\/\/gr86.it\/coipiedescalsi\/\"},{\"@type\":\"ListItem\",\"position\":2,\"name\":\"Th\u00e9\u00e2tre Circulaire\"}]},{\"@type\":\"WebSite\",\"@id\":\"https:\/\/gr86.it\/coipiedescalsi\/#website\",\"url\":\"https:\/\/gr86.it\/coipiedescalsi\/\",\"name\":\"Co I Pi\u00e8 Descalsi\",\"description\":\"\",\"publisher\":{\"@id\":\"https:\/\/gr86.it\/coipiedescalsi\/#organization\"},\"potentialAction\":[{\"@type\":\"SearchAction\",\"target\":{\"@type\":\"EntryPoint\",\"urlTemplate\":\"https:\/\/gr86.it\/coipiedescalsi\/?s={search_term_string}\"},\"query-input\":\"required name=search_term_string\"}],\"inLanguage\":\"it-IT\"},{\"@type\":\"Organization\",\"@id\":\"https:\/\/gr86.it\/coipiedescalsi\/#organization\",\"name\":\"Gruppo 86\",\"url\":\"https:\/\/gr86.it\/coipiedescalsi\/\",\"logo\":{\"@type\":\"ImageObject\",\"inLanguage\":\"it-IT\",\"@id\":\"https:\/\/gr86.it\/coipiedescalsi\/#\/schema\/logo\/image\/\",\"url\":\"https:\/\/gr86.it\/coipiedescalsi\/wp-content\/uploads\/sites\/3\/2023\/05\/organization-logo.png\",\"contentUrl\":\"https:\/\/gr86.it\/coipiedescalsi\/wp-content\/uploads\/sites\/3\/2023\/05\/organization-logo.png\",\"width\":696,\"height\":696,\"caption\":\"Gruppo 86\"},\"image\":{\"@id\":\"https:\/\/gr86.it\/coipiedescalsi\/#\/schema\/logo\/image\/\"},\"sameAs\":[\"https:\/\/www.facebook.com\/FestaDestateVascon\/\",\"https:\/\/www.instagram.com\/explore\/locations\/311949286\/festa-destate-vascon\/\",\"https:\/\/www.youtube.com\/channel\/UC6K0EMJCYmbSuEmRYtvOA-g\"]}]}<\/script>\n<!-- \/ Yoast SEO plugin. -->","yoast_head_json":{"title":"Th\u00e9\u00e2tre Circulaire - Co I Pi\u00e8 Descalsi","robots":{"index":"index","follow":"follow","max-snippet":"max-snippet:-1","max-image-preview":"max-image-preview:large","max-video-preview":"max-video-preview:-1"},"canonical":"https:\/\/gr86.it\/coipiedescalsi\/theatre-circulaire\/","og_locale":"it_IT","og_type":"article","og_title":"Th\u00e9\u00e2tre Circulaire - Co I Pi\u00e8 Descalsi","og_description":"Sotto una tenda, su un palco rotondo, Dr\u00fcck illumina il pubblico con le sue idee, Din \u00e8 pronto con la sua orchestra, e\u00a0 il povero Misette cerca di\u00a0 gestire il tutto, ma\u2026 Un\u2019ora in cui il susseguirsi incessante di problemi alimenta l\u2019azione con soluzioni improbabili. Din, Dr\u00fcck e Misette non parlano la stessa lingua, ma [&hellip;]","og_url":"https:\/\/gr86.it\/coipiedescalsi\/theatre-circulaire\/","og_site_name":"Co I Pi\u00e8 Descalsi","article_publisher":"https:\/\/www.facebook.com\/FestaDestateVascon\/","og_image":[{"width":2126,"height":1417,"url":"https:\/\/gr86.it\/coipiedescalsi\/wp-content\/uploads\/sites\/3\/2025\/08\/theatre-circular-gallery-1.jpg","type":"image\/jpeg"}],"twitter_card":"summary_large_image","schema":{"@context":"https:\/\/schema.org","@graph":[{"@type":"WebPage","@id":"https:\/\/gr86.it\/coipiedescalsi\/theatre-circulaire\/","url":"https:\/\/gr86.it\/coipiedescalsi\/theatre-circulaire\/","name":"Th\u00e9\u00e2tre Circulaire - Co I Pi\u00e8 Descalsi","isPartOf":{"@id":"https:\/\/gr86.it\/coipiedescalsi\/#website"},"datePublished":"2025-08-19T19:54:09+00:00","dateModified":"2025-08-19T19:54:09+00:00","breadcrumb":{"@id":"https:\/\/gr86.it\/coipiedescalsi\/theatre-circulaire\/#breadcrumb"},"inLanguage":"it-IT","potentialAction":[{"@type":"ReadAction","target":["https:\/\/gr86.it\/coipiedescalsi\/theatre-circulaire\/"]}]},{"@type":"BreadcrumbList","@id":"https:\/\/gr86.it\/coipiedescalsi\/theatre-circulaire\/#breadcrumb","itemListElement":[{"@type":"ListItem","position":1,"name":"Home","item":"https:\/\/gr86.it\/coipiedescalsi\/"},{"@type":"ListItem","position":2,"name":"Th\u00e9\u00e2tre Circulaire"}]},{"@type":"WebSite","@id":"https:\/\/gr86.it\/coipiedescalsi\/#website","url":"https:\/\/gr86.it\/coipiedescalsi\/","name":"Co I Pi\u00e8 Descalsi","description":"","publisher":{"@id":"https:\/\/gr86.it\/coipiedescalsi\/#organization"},"potentialAction":[{"@type":"SearchAction","target":{"@type":"EntryPoint","urlTemplate":"https:\/\/gr86.it\/coipiedescalsi\/?s={search_term_string}"},"query-input":"required name=search_term_string"}],"inLanguage":"it-IT"},{"@type":"Organization","@id":"https:\/\/gr86.it\/coipiedescalsi\/#organization","name":"Gruppo 86","url":"https:\/\/gr86.it\/coipiedescalsi\/","logo":{"@type":"ImageObject","inLanguage":"it-IT","@id":"https:\/\/gr86.it\/coipiedescalsi\/#\/schema\/logo\/image\/","url":"https:\/\/gr86.it\/coipiedescalsi\/wp-content\/uploads\/sites\/3\/2023\/05\/organization-logo.png","contentUrl":"https:\/\/gr86.it\/coipiedescalsi\/wp-content\/uploads\/sites\/3\/2023\/05\/organization-logo.png","width":696,"height":696,"caption":"Gruppo 86"},"image":{"@id":"https:\/\/gr86.it\/coipiedescalsi\/#\/schema\/logo\/image\/"},"sameAs":["https:\/\/www.facebook.com\/FestaDestateVascon\/","https:\/\/www.instagram.com\/explore\/locations\/311949286\/festa-destate-vascon\/","https:\/\/www.youtube.com\/channel\/UC6K0EMJCYmbSuEmRYtvOA-g"]}]}},"_links":{"self":[{"href":"https:\/\/gr86.it\/coipiedescalsi\/wp-json\/wp\/v2\/pages\/979"}],"collection":[{"href":"https:\/\/gr86.it\/coipiedescalsi\/wp-json\/wp\/v2\/pages"}],"about":[{"href":"https:\/\/gr86.it\/coipiedescalsi\/wp-json\/wp\/v2\/types\/page"}],"author":[{"embeddable":true,"href":"https:\/\/gr86.it\/coipiedescalsi\/wp-json\/wp\/v2\/users\/2"}],"replies":[{"embeddable":true,"href":"https:\/\/gr86.it\/coipiedescalsi\/wp-json\/wp\/v2\/comments?post=979"}],"version-history":[{"count":1,"href":"https:\/\/gr86.it\/coipiedescalsi\/wp-json\/wp\/v2\/pages\/979\/revisions"}],"predecessor-version":[{"id":1003,"href":"https:\/\/gr86.it\/coipiedescalsi\/wp-json\/wp\/v2\/pages\/979\/revisions\/1003"}],"wp:featuredmedia":[{"embeddable":true,"href":"https:\/\/gr86.it\/coipiedescalsi\/wp-json\/wp\/v2\/media\/996"}],"wp:attachment":[{"href":"https:\/\/gr86.it\/coipiedescalsi\/wp-json\/wp\/v2\/media?parent=979"}],"curies":[{"name":"wp","href":"https:\/\/api.w.org\/{rel}","templated":true}]}}